{"id":3446,"date":"2021-08-17T04:19:50","date_gmt":"2021-08-17T04:19:50","guid":{"rendered":"https:\/\/conflict.crto.on.ca\/introduction\/"},"modified":"2021-10-04T13:22:49","modified_gmt":"2021-10-04T13:22:49","slug":"introduction","status":"publish","type":"page","link":"https:\/\/conflict.crto.on.ca\/fr\/introduction\/","title":{"rendered":"Introduction"},"content":{"rendered":"<p>[et_pb_section fb_built=\u00a0\u00bb1&Prime; _builder_version=\u00a0\u00bb4.9.4&Prime; background_image=\u00a0\u00bbhttps:\/\/conflict.crto.on.ca\/wp-content\/uploads\/sites\/8\/2021\/08\/crto-purplepattern-crop-2.jpg\u00a0\u00bb parallax=\u00a0\u00bbon\u00a0\u00bb parallax_method=\u00a0\u00bboff\u00a0\u00bb border_width_bottom=\u00a0\u00bb3px\u00a0\u00bb border_color_bottom=\u00a0\u00bb#696BAE\u00a0\u00bb][et_pb_row _builder_version=\u00a0\u00bb3.25&Prime; background_size=\u00a0\u00bbinitial\u00a0\u00bb background_position=\u00a0\u00bbtop_left\u00a0\u00bb background_repeat=\u00a0\u00bbrepeat\u00a0\u00bb][et_pb_column type=\u00a0\u00bb4_4&Prime; _builder_version=\u00a0\u00bb3.25&Prime; custom_padding=\u00a0\u00bb|||\u00a0\u00bb custom_padding__hover=\u00a0\u00bb|||\u00a0\u00bb][et_pb_text admin_label=\u00a0\u00bbIntroduction Title\u00a0\u00bb _builder_version=\u00a0\u00bb4.9.5&Prime; module_alignment=\u00a0\u00bbleft\u00a0\u00bb]<\/p>\n<h1><strong>INTRODUCTION<\/strong><\/h1>\n<p>[\/et_pb_text][\/et_pb_column][\/et_pb_row][\/et_pb_section][et_pb_section fb_built=\u00a0\u00bb1&Prime; custom_padding_last_edited=\u00a0\u00bbon|desktop\u00a0\u00bb _builder_version=\u00a0\u00bb4.6.6&Prime; module_alignment=\u00a0\u00bbcenter\u00a0\u00bb custom_padding=\u00a0\u00bb100px||100px||true|false\u00a0\u00bb custom_padding_tablet=\u00a0\u00bb\u00a0\u00bb custom_padding_phone=\u00a0\u00bb\u00a0\u00bb][et_pb_row _builder_version=\u00a0\u00bb3.25&Prime; background_size=\u00a0\u00bbinitial\u00a0\u00bb background_position=\u00a0\u00bbtop_left\u00a0\u00bb background_repeat=\u00a0\u00bbrepeat\u00a0\u00bb][et_pb_column type=\u00a0\u00bb4_4&Prime; _builder_version=\u00a0\u00bb3.25&Prime; custom_padding=\u00a0\u00bb|||\u00a0\u00bb custom_padding__hover=\u00a0\u00bb|||\u00a0\u00bb][et_pb_text admin_label=\u00a0\u00bbIntroduction Text\u00a0\u00bb _builder_version=\u00a0\u00bb4.9.5&Prime; module_alignment=\u00a0\u00bbleft\u00a0\u00bb hover_enabled=\u00a0\u00bb0&Prime; sticky_enabled=\u00a0\u00bb0&Prime;]<\/p>\n<p>Pour offrir des soins s\u00fbrs, de qualit\u00e9 et \u00e9thiques, le th\u00e9rapeute respiratoire doit toujours faire passer les int\u00e9r\u00eats de ses patients ou clients avant ses int\u00e9r\u00eats personnels et priv\u00e9s. La <strong>relation<\/strong> entre le patient ou le client et le th\u00e9rapeute respiratoire est de nature <strong>fiduciaire <\/strong>(devoir de loyaut\u00e9, de bonne foi et de diligence) et est fond\u00e9e sur la confiance. Cette confiance est tr\u00e8s importante et ne doit pas \u00eatre \u00e9branl\u00e9e par un conflit d\u2019int\u00e9r\u00eats ni m\u00eame par une situation qui pourrait laisser croire \u00e0 un conflit d\u2019int\u00e9r\u00eats.<\/p>\n<p>Le nouveau <a href=\"https:\/\/www.ontario.ca\/laws\/regulation\/r13250\" target=\"_blank\" rel=\"noopener\"><em>R\u00e8glement sur les conflits d\u2019int\u00e9r\u00eats<\/em><\/a>, pr\u00e9sent\u00e9 dans les Dispositions g\u00e9n\u00e9rales du r\u00e8glement de l\u2019Ontario (O. Reg. 596\/94) \u00e9tabli en vertu de la <a href=\"https:\/\/www.ontario.ca\/fr\/lois\/loi\/91r39\" target=\"_blank\" rel=\"noopener\"><em>Loi sur les th\u00e9rapeutes respiratoires (LTR)<\/em><\/a> a \u00e9t\u00e9 approuv\u00e9 en 2013. Ce r\u00e8glement stipule qu\u2019\u00ab un <strong>membre<\/strong> ne doit pas exercer sa profession en situation de conflit d\u2019int\u00e9r\u00eats \u00bb. Un membre qui exerce sa profession en situation de conflit d\u2019int\u00e9r\u00eats commet une faute professionnelle en vertu du <a href=\"http:\/\/www.e-laws.gov.on.ca\/html\/regs\/english\/elaws_regs_930753_e.htm\" target=\"_blank\" rel=\"noopener\"><em>R\u00e8glement sur la faute professionnelle<\/em><\/a> (O. Reg. 753\/93). Id\u00e9alement, un th\u00e9rapeute respiratoire ne doit pas se retrouver (ou se laisser mettre) dans une situation o\u00f9 un conflit d\u2019int\u00e9r\u00eats r\u00e9el, potentiel ou apparent peut survenir. Toutefois, puisque chaque sc\u00e9nario est unique, il reste difficile de d\u00e9finir clairement toutes les circonstances dans lesquelles un conflit d\u2019int\u00e9r\u00eats peut survenir. Ces lignes directrices de pratique visent donc \u00e0 fournir aux membres des \u00e9l\u00e9ments cl\u00e9s dont ils peuvent tenir compte pour permettre de d\u00e9terminer s\u2019ils se trouvent en situation de conflit d\u2019int\u00e9r\u00eats, et ensuite appliquer ces \u00e9l\u00e9ments \u00e0 leur situation particuli\u00e8re.<\/p>\n<p>Les mots et les phrases en gras sont li\u00e9s au glossaire situ\u00e9 \u00e0 la fin de ce document.<\/p>\n<p><strong>Les lignes directrices contiennent trois sections principales:<\/strong><\/p>\n<p>[\/et_pb_text][et_pb_blurb use_icon=\u00a0\u00bbon\u00a0\u00bb font_icon=\u00a0\u00bb%%24%%\u00a0\u00bb icon_color=\u00a0\u00bb#696bae\u00a0\u00bb icon_placement=\u00a0\u00bbleft\u00a0\u00bb _builder_version=\u00a0\u00bb4.9.5&Prime; animation_style=\u00a0\u00bbzoom\u00a0\u00bb hover_enabled=\u00a0\u00bb0&Prime; sticky_enabled=\u00a0\u00bb0&Prime;]1. D\u00e9finitions[\/et_pb_blurb][et_pb_blurb use_icon=\u00a0\u00bbon\u00a0\u00bb font_icon=\u00a0\u00bb%%24%%\u00a0\u00bb icon_color=\u00a0\u00bb#696bae\u00a0\u00bb icon_placement=\u00a0\u00bbleft\u00a0\u00bb _builder_version=\u00a0\u00bb4.9.5&Prime; animation_style=\u00a0\u00bbzoom\u00a0\u00bb hover_enabled=\u00a0\u00bb0&Prime; sticky_enabled=\u00a0\u00bb0&Prime;]<\/p>\n<p>2. Identifier un conflit d\u2019int\u00e9r\u00eats<\/p>\n<p>[\/et_pb_blurb][et_pb_blurb use_icon=\u00a0\u00bbon\u00a0\u00bb font_icon=\u00a0\u00bb%%24%%\u00a0\u00bb icon_color=\u00a0\u00bb#696bae\u00a0\u00bb icon_placement=\u00a0\u00bbleft\u00a0\u00bb _builder_version=\u00a0\u00bb4.9.5&Prime; animation_style=\u00a0\u00bbzoom\u00a0\u00bb hover_enabled=\u00a0\u00bb0&Prime; sticky_enabled=\u00a0\u00bb0&Prime;]<\/p>\n<p>3. Pr\u00e9venir un conflit d\u2019int\u00e9r\u00eats<\/p>\n<p>[\/et_pb_blurb][\/et_pb_column][\/et_pb_row][\/et_pb_section][et_pb_section fb_built=\u00a0\u00bb1&Prime; inner_shadow=\u00a0\u00bbon\u00a0\u00bb module_id=\u00a0\u00bbfootnote\u00a0\u00bb _builder_version=\u00a0\u00bb3.22&Prime; use_background_color_gradient=\u00a0\u00bbon\u00a0\u00bb background_color_gradient_start=\u00a0\u00bb#ffffff\u00a0\u00bb background_color_gradient_end=\u00a0\u00bb#ededed\u00a0\u00bb background_color_gradient_type=\u00a0\u00bbradial\u00a0\u00bb background_color_gradient_start_position=\u00a0\u00bb53%\u00a0\u00bb custom_padding=\u00a0\u00bb20px||20px|\u00a0\u00bb][et_pb_row column_structure=\u00a0\u00bb1_2,1_4,1_4&Prime; _builder_version=\u00a0\u00bb3.25&Prime;][et_pb_column type=\u00a0\u00bb1_2&Prime; _builder_version=\u00a0\u00bb3.25&Prime; custom_padding=\u00a0\u00bb|||\u00a0\u00bb custom_padding__hover=\u00a0\u00bb|||\u00a0\u00bb][\/et_pb_column][et_pb_column type=\u00a0\u00bb1_4&Prime; _builder_version=\u00a0\u00bb3.25&Prime; custom_padding=\u00a0\u00bb|||\u00a0\u00bb custom_padding__hover=\u00a0\u00bb|||\u00a0\u00bb][\/et_pb_column][et_pb_column type=\u00a0\u00bb1_4&Prime; _builder_version=\u00a0\u00bb3.25&Prime; custom_padding=\u00a0\u00bb|||\u00a0\u00bb custom_padding__hover=\u00a0\u00bb|||\u00a0\u00bb][et_pb_button button_url=\u00a0\u00bb@ET-DC@eyJkeW5hbWljIjp0cnVlLCJjb250ZW50IjoicG9zdF9saW5rX3VybF9wYWdlIiwic2V0dGluZ3MiOnsicG9zdF9pZCI6IjMzMzEifX0=@\u00a0\u00bb button_text=\u00a0\u00bb Suivant\u00a0\u00bb button_alignment=\u00a0\u00bbleft\u00a0\u00bb admin_label=\u00a0\u00bbNext\u00a0\u00bb _builder_version=\u00a0\u00bb4.9.5&Prime; _dynamic_attributes=\u00a0\u00bbbutton_url\u00a0\u00bb animation_style=\u00a0\u00bbfade\u00a0\u00bb hover_enabled=\u00a0\u00bb0&Prime; button_text_size__hover_enabled=\u00a0\u00bboff\u00a0\u00bb button_one_text_size__hover_enabled=\u00a0\u00bboff\u00a0\u00bb button_two_text_size__hover_enabled=\u00a0\u00bboff\u00a0\u00bb button_text_color__hover_enabled=\u00a0\u00bboff\u00a0\u00bb button_one_text_color__hover_enabled=\u00a0\u00bboff\u00a0\u00bb button_two_text_color__hover_enabled=\u00a0\u00bboff\u00a0\u00bb button_border_width__hover_enabled=\u00a0\u00bboff\u00a0\u00bb button_one_border_width__hover_enabled=\u00a0\u00bboff\u00a0\u00bb button_two_border_width__hover_enabled=\u00a0\u00bboff\u00a0\u00bb button_border_color__hover_enabled=\u00a0\u00bboff\u00a0\u00bb button_one_border_color__hover_enabled=\u00a0\u00bboff\u00a0\u00bb button_two_border_color__hover_enabled=\u00a0\u00bboff\u00a0\u00bb button_border_radius__hover_enabled=\u00a0\u00bboff\u00a0\u00bb button_one_border_radius__hover_enabled=\u00a0\u00bboff\u00a0\u00bb button_two_border_radius__hover_enabled=\u00a0\u00bboff\u00a0\u00bb button_letter_spacing__hover_enabled=\u00a0\u00bboff\u00a0\u00bb button_one_letter_spacing__hover_enabled=\u00a0\u00bboff\u00a0\u00bb button_two_letter_spacing__hover_enabled=\u00a0\u00bboff\u00a0\u00bb button_bg_color__hover_enabled=\u00a0\u00bboff\u00a0\u00bb button_one_bg_color__hover_enabled=\u00a0\u00bboff\u00a0\u00bb button_two_bg_color__hover_enabled=\u00a0\u00bboff\u00a0\u00bb sticky_enabled=\u00a0\u00bb0&Prime;][\/et_pb_button][\/et_pb_column][\/et_pb_row][\/et_pb_section]<\/p>\n","protected":false},"excerpt":{"rendered":"<p>INTRODUCTIONPour offrir des soins s\u00fbrs, de qualit\u00e9 et \u00e9thiques, le th\u00e9rapeute respiratoire doit toujours faire passer les int\u00e9r\u00eats de ses patients ou clients avant ses int\u00e9r\u00eats personnels et priv\u00e9s. La relation entre le patient ou le client et le th\u00e9rapeute respiratoire est de nature fiduciaire (devoir de loyaut\u00e9, de bonne foi et de diligence) et [&hellip;]<\/p>\n","protected":false},"author":6,"featured_media":0,"parent":0,"menu_order":0,"comment_status":"closed","ping_status":"closed","template":"","meta":{"_et_pb_use_builder":"on","_et_pb_old_content":"","_et_gb_content_width":"","footnotes":""},"class_list":["post-3446","page","type-page","status-publish","hentry"],"yoast_head":"<!-- This site is optimized with the Yoast SEO plugin v26.9 - https:\/\/yoast.com\/product\/yoast-seo-wordpress\/ -->\n<title>Introduction - Conflict of Interest<\/title>\n<meta name=\"robots\" content=\"index, follow, max-snippet:-1, max-image-preview:large, max-video-preview:-1\" \/>\n<link rel=\"canonical\" href=\"https:\/\/conflict.crto.on.ca\/fr\/introduction\/\" \/>\n<meta property=\"og:locale\" content=\"fr_FR\" \/>\n<meta property=\"og:type\" content=\"article\" \/>\n<meta property=\"og:title\" content=\"Introduction - Conflict of Interest\" \/>\n<meta property=\"og:description\" content=\"INTRODUCTIONPour offrir des soins s\u00fbrs, de qualit\u00e9 et \u00e9thiques, le th\u00e9rapeute respiratoire doit toujours faire passer les int\u00e9r\u00eats de ses patients ou clients avant ses int\u00e9r\u00eats personnels et priv\u00e9s. La relation entre le patient ou le client et le th\u00e9rapeute respiratoire est de nature fiduciaire (devoir de loyaut\u00e9, de bonne foi et de diligence) et [&hellip;]\" \/>\n<meta property=\"og:url\" content=\"https:\/\/conflict.crto.on.ca\/fr\/introduction\/\" \/>\n<meta property=\"og:site_name\" content=\"Conflict of Interest\" \/>\n<meta property=\"article:modified_time\" content=\"2021-10-04T13:22:49+00:00\" \/>\n<meta name=\"twitter:card\" content=\"summary_large_image\" \/>\n<meta name=\"twitter:label1\" content=\"Est. reading time\" \/>\n\t<meta name=\"twitter:data1\" content=\"4 minutes\" \/>\n<script type=\"application\/ld+json\" class=\"yoast-schema-graph\">{\"@context\":\"https:\/\/schema.org\",\"@graph\":[{\"@type\":\"WebPage\",\"@id\":\"https:\/\/conflict.crto.on.ca\/fr\/introduction\/\",\"url\":\"https:\/\/conflict.crto.on.ca\/fr\/introduction\/\",\"name\":\"Introduction - Conflict of Interest\",\"isPartOf\":{\"@id\":\"https:\/\/conflict.crto.on.ca\/#website\"},\"datePublished\":\"2021-08-17T04:19:50+00:00\",\"dateModified\":\"2021-10-04T13:22:49+00:00\",\"breadcrumb\":{\"@id\":\"https:\/\/conflict.crto.on.ca\/fr\/introduction\/#breadcrumb\"},\"inLanguage\":\"fr-FR\",\"potentialAction\":[{\"@type\":\"ReadAction\",\"target\":[\"https:\/\/conflict.crto.on.ca\/fr\/introduction\/\"]}]},{\"@type\":\"BreadcrumbList\",\"@id\":\"https:\/\/conflict.crto.on.ca\/fr\/introduction\/#breadcrumb\",\"itemListElement\":[{\"@type\":\"ListItem\",\"position\":1,\"name\":\"Home\",\"item\":\"https:\/\/conflict.crto.on.ca\/\"},{\"@type\":\"ListItem\",\"position\":2,\"name\":\"Introduction\"}]},{\"@type\":\"WebSite\",\"@id\":\"https:\/\/conflict.crto.on.ca\/#website\",\"url\":\"https:\/\/conflict.crto.on.ca\/\",\"name\":\"Conflict of Interest\",\"description\":\"Just another CRTO MicroSites site\",\"potentialAction\":[{\"@type\":\"SearchAction\",\"target\":{\"@type\":\"EntryPoint\",\"urlTemplate\":\"https:\/\/conflict.crto.on.ca\/?s={search_term_string}\"},\"query-input\":{\"@type\":\"PropertyValueSpecification\",\"valueRequired\":true,\"valueName\":\"search_term_string\"}}],\"inLanguage\":\"fr-FR\"}]}<\/script>\n<!-- \/ Yoast SEO plugin. -->","yoast_head_json":{"title":"Introduction - Conflict of Interest","robots":{"index":"index","follow":"follow","max-snippet":"max-snippet:-1","max-image-preview":"max-image-preview:large","max-video-preview":"max-video-preview:-1"},"canonical":"https:\/\/conflict.crto.on.ca\/fr\/introduction\/","og_locale":"fr_FR","og_type":"article","og_title":"Introduction - Conflict of Interest","og_description":"INTRODUCTIONPour offrir des soins s\u00fbrs, de qualit\u00e9 et \u00e9thiques, le th\u00e9rapeute respiratoire doit toujours faire passer les int\u00e9r\u00eats de ses patients ou clients avant ses int\u00e9r\u00eats personnels et priv\u00e9s. La relation entre le patient ou le client et le th\u00e9rapeute respiratoire est de nature fiduciaire (devoir de loyaut\u00e9, de bonne foi et de diligence) et [&hellip;]","og_url":"https:\/\/conflict.crto.on.ca\/fr\/introduction\/","og_site_name":"Conflict of Interest","article_modified_time":"2021-10-04T13:22:49+00:00","twitter_card":"summary_large_image","twitter_misc":{"Est. reading time":"4 minutes"},"schema":{"@context":"https:\/\/schema.org","@graph":[{"@type":"WebPage","@id":"https:\/\/conflict.crto.on.ca\/fr\/introduction\/","url":"https:\/\/conflict.crto.on.ca\/fr\/introduction\/","name":"Introduction - Conflict of Interest","isPartOf":{"@id":"https:\/\/conflict.crto.on.ca\/#website"},"datePublished":"2021-08-17T04:19:50+00:00","dateModified":"2021-10-04T13:22:49+00:00","breadcrumb":{"@id":"https:\/\/conflict.crto.on.ca\/fr\/introduction\/#breadcrumb"},"inLanguage":"fr-FR","potentialAction":[{"@type":"ReadAction","target":["https:\/\/conflict.crto.on.ca\/fr\/introduction\/"]}]},{"@type":"BreadcrumbList","@id":"https:\/\/conflict.crto.on.ca\/fr\/introduction\/#breadcrumb","itemListElement":[{"@type":"ListItem","position":1,"name":"Home","item":"https:\/\/conflict.crto.on.ca\/"},{"@type":"ListItem","position":2,"name":"Introduction"}]},{"@type":"WebSite","@id":"https:\/\/conflict.crto.on.ca\/#website","url":"https:\/\/conflict.crto.on.ca\/","name":"Conflict of Interest","description":"Just another CRTO MicroSites site","potentialAction":[{"@type":"SearchAction","target":{"@type":"EntryPoint","urlTemplate":"https:\/\/conflict.crto.on.ca\/?s={search_term_string}"},"query-input":{"@type":"PropertyValueSpecification","valueRequired":true,"valueName":"search_term_string"}}],"inLanguage":"fr-FR"}]}},"_links":{"self":[{"href":"https:\/\/conflict.crto.on.ca\/fr\/wp-json\/wp\/v2\/pages\/3446","targetHints":{"allow":["GET"]}}],"collection":[{"href":"https:\/\/conflict.crto.on.ca\/fr\/wp-json\/wp\/v2\/pages"}],"about":[{"href":"https:\/\/conflict.crto.on.ca\/fr\/wp-json\/wp\/v2\/types\/page"}],"author":[{"embeddable":true,"href":"https:\/\/conflict.crto.on.ca\/fr\/wp-json\/wp\/v2\/users\/6"}],"replies":[{"embeddable":true,"href":"https:\/\/conflict.crto.on.ca\/fr\/wp-json\/wp\/v2\/comments?post=3446"}],"version-history":[{"count":3,"href":"https:\/\/conflict.crto.on.ca\/fr\/wp-json\/wp\/v2\/pages\/3446\/revisions"}],"predecessor-version":[{"id":3459,"href":"https:\/\/conflict.crto.on.ca\/fr\/wp-json\/wp\/v2\/pages\/3446\/revisions\/3459"}],"wp:attachment":[{"href":"https:\/\/conflict.crto.on.ca\/fr\/wp-json\/wp\/v2\/media?parent=3446"}],"curies":[{"name":"wp","href":"https:\/\/api.w.org\/{rel}","templated":true}]}}